{"id":1044,"date":"2021-01-26T09:38:33","date_gmt":"2021-01-26T08:38:33","guid":{"rendered":"https:\/\/mastercif.dev4-audace.fr\/mentions-legales\/"},"modified":"2021-02-03T17:45:23","modified_gmt":"2021-02-03T16:45:23","slug":"mentions-legales","status":"publish","type":"page","link":"https:\/\/mastercif.dev4-audace.fr\/en\/mentions-legales\/","title":{"rendered":"Mentions l\u00e9gales"},"content":{"rendered":"\t\t<div data-elementor-type=\"wp-page\" data-elementor-id=\"1044\" class=\"elementor elementor-1044 elementor-10\" data-elementor-post-type=\"page\">\n\t\t\t\t\t\t<section class=\"elementor-section elementor-top-section elementor-element elementor-element-b4ca90c elementor-section-stretched elementor-section-full_width elementor-section-height-default elementor-section-height-default\" data-id=\"b4ca90c\" data-element_type=\"section\" data-e-type=\"section\" data-settings=\"{&quot;stretch_section&quot;:&quot;section-stretched&quot;,&quot;jet_parallax_layout_list&quot;:[{&quot;jet_parallax_layout_image&quot;:{&quot;url&quot;:&quot;&quot;,&quot;id&quot;:&quot;&quot;,&quot;size&quot;:&quot;&quot;},&quot;_id&quot;:&quot;afbf847&quot;,&quot;jet_parallax_layout_image_tablet&quot;:{&quot;url&quot;:&quot;&quot;,&quot;id&quot;:&quot;&quot;,&quot;size&quot;:&quot;&quot;},&quot;jet_parallax_layout_image_mobile&quot;:{&quot;url&quot;:&quot;&quot;,&quot;id&quot;:&quot;&quot;,&quot;size&quot;:&quot;&quot;},&quot;jet_parallax_layout_speed&quot;:{&quot;unit&quot;:&quot;%&quot;,&quot;size&quot;:50,&quot;sizes&quot;:[]},&quot;jet_parallax_layout_type&quot;:&quot;scroll&quot;,&quot;jet_parallax_layout_direction&quot;:&quot;1&quot;,&quot;jet_parallax_layout_fx_direction&quot;:null,&quot;jet_parallax_layout_z_index&quot;:&quot;&quot;,&quot;jet_parallax_layout_bg_x&quot;:50,&quot;jet_parallax_layout_bg_x_tablet&quot;:&quot;&quot;,&quot;jet_parallax_layout_bg_x_mobile&quot;:&quot;&quot;,&quot;jet_parallax_layout_bg_y&quot;:50,&quot;jet_parallax_layout_bg_y_tablet&quot;:&quot;&quot;,&quot;jet_parallax_layout_bg_y_mobile&quot;:&quot;&quot;,&quot;jet_parallax_layout_bg_size&quot;:&quot;auto&quot;,&quot;jet_parallax_layout_bg_size_tablet&quot;:&quot;&quot;,&quot;jet_parallax_layout_bg_size_mobile&quot;:&quot;&quot;,&quot;jet_parallax_layout_animation_prop&quot;:&quot;transform&quot;,&quot;jet_parallax_layout_on&quot;:[&quot;desktop&quot;,&quot;tablet&quot;]}],&quot;background_background&quot;:&quot;classic&quot;}\">\n\t\t\t\t\t\t<div class=\"elementor-container elementor-column-gap-default\">\n\t\t\t\t\t<div class=\"elementor-column elementor-col-100 elementor-top-column elementor-element elementor-element-be122cf\" data-id=\"be122cf\" data-element_type=\"column\" data-e-type=\"column\">\n\t\t\t<div class=\"elementor-widget-wrap elementor-element-populated\">\n\t\t\t\t\t\t<div class=\"elementor-element elementor-element-e9eea9c elementor-widget elementor-widget-heading\" data-id=\"e9eea9c\" data-element_type=\"widget\" data-e-type=\"widget\" data-widget_type=\"heading.default\">\n\t\t\t\t<div class=\"elementor-widget-container\">\n\t\t\t\t\t<h2 class=\"elementor-heading-title elementor-size-default\">Pour un plus grand respect des libert\u00e9s de chacun master-cif.fr respecte les dispositions suivantes\n<\/h2>\t\t\t\t<\/div>\n\t\t\t\t<\/div>\n\t\t\t\t<div class=\"elementor-element elementor-element-418eb14 elementor-widget elementor-widget-text-editor\" data-id=\"418eb14\" data-element_type=\"widget\" data-e-type=\"widget\" data-widget_type=\"text-editor.default\">\n\t\t\t\t<div class=\"elementor-widget-container\">\n\t\t\t\t\t\t\t\t\t<p><strong>Loi du 6 janvier 1978 relative \u00e0 l\u2019informatique et aux libert\u00e9s :<\/strong><\/p>\n<p>Conform\u00e9ment \u00e0 la loi n\u00b0 78-17 du 6 janvier 1978, vous pouvez \u00e0 tout moment acc\u00e9der aux informations personnelles vous concernant et d\u00e9tenues, demander leur modification ou leur suppression par l\u2019envoi d\u2019un mail \u00e0 &#8230;..<\/p>\n<p><strong>Loi du 1er ao\u00fbt 2000 relative \u00e0 la libert\u00e9 de communication :<\/strong><\/p>\n<p>Ce site est \u00e9dit\u00e9 par: Agence AUDACE (https:\/\/www.audace.fr)<br \/>Chef d\u2019\u00e9dition \/ Directeur de la publication: &#8230;<\/p>\n<p><strong>Recueil d\u2019informations \u00e0 caract\u00e8re nominatif :<\/strong><\/p>\n<p>En vertu de la loi informatique et libert\u00e9s du 6 janvier 1978, nous vous informons que les donn\u00e9es \u00e0 caract\u00e8re nominatif recueillies aupr\u00e8s des internautes par l\u2019interm\u00e9diaire d\u2019un formulaire ou autre ne sauraient, en aucun cas, \u00eatre transmises, \u00e0 titre gratuit ou on\u00e9reux, \u00e0 des tiers personnes physiques ou morales pour une autre utilisation que celle pr\u00e9vue par le site (mise en relation des candidats avec les entreprises d\u00e9positaire d\u2019une offre d\u2019emploi).<\/p>\n<p><strong>Titularit\u00e9 des droits :<\/strong><\/p>\n<p>Tous les \u00e9l\u00e9ments de ce site sont la propri\u00e9t\u00e9 des \u00e9diteurs de ce site, \u00e0 l\u2019exclusion des \u00e9l\u00e9ments \u00e9manant de partenaires.<br \/>La protection du site www.master-cif.fr rel\u00e8ve, par cons\u00e9quent, des l\u00e9gislations nationales et internationales relatives au droit de la propri\u00e9t\u00e9 intellectuelle.<br \/>D\u00e8s lors, toute reproduction et\/ou repr\u00e9sentation et\/ou rediffusion, en tout ou partie, sur tout support \u00e9lectronique ou non, pr\u00e9sent ou futur, sont interdites sauf autorisation expresse et pr\u00e9alable de l\u2019\u00e9diteur.<\/p>\n<p><strong>Liens hypertexte :<\/strong><\/p>\n<p>L\u2019association Master CIF autorise tout site Internet ou tout autre support \u00e0 citer le site ou \u00e0 mettre en place un lien hypertexte pointant vers l\u2019adresse www.master-cif.fr<\/p>\n\t\t\t\t\t\t\t\t<\/div>\n\t\t\t\t<\/div>\n\t\t\t\t<div class=\"elementor-element elementor-element-0ee9502 elementor-widget elementor-widget-heading\" data-id=\"0ee9502\" data-element_type=\"widget\" data-e-type=\"widget\" data-widget_type=\"heading.default\">\n\t\t\t\t<div class=\"elementor-widget-container\">\n\t\t\t\t\t<h2 class=\"elementor-heading-title elementor-size-default\">Identifications\n<\/h2>\t\t\t\t<\/div>\n\t\t\t\t<\/div>\n\t\t\t\t<div class=\"elementor-element elementor-element-d80ce54 elementor-widget elementor-widget-jet-table\" data-id=\"d80ce54\" data-element_type=\"widget\" data-e-type=\"widget\" data-widget_type=\"jet-table.default\">\n\t\t\t\t<div class=\"elementor-widget-container\">\n\t\t\t\t\t<div class=\"elementor-jet-table jet-elements\">\n\t\t<div class=\"jet-table-wrapper\">\n\t\t\t<table class=\"jet-table jet-table--fa5-compat\">\n\t\t\t\t<thead class=\"jet-table__head\"><tr class=\"jet-table__head-row\"><th class=\"jet-table__cell elementor-repeater-item-56d4224 jet-table__head-cell\" scope=\"col\"><div class=\"jet-table__cell-inner\"><div class=\"jet-table__cell-content\"><div class=\"jet-table__cell-text\">Raison sociale<\/div><\/div><\/div><\/th><th class=\"jet-table__cell elementor-repeater-item-23d63f5 jet-table__head-cell\" scope=\"col\"><div class=\"jet-table__cell-inner\"><div class=\"jet-table__cell-content\"><div class=\"jet-table__cell-text\">Simple content<\/div><\/div><\/div><\/th><\/tr><\/thead>\n\t\t\t\t\t\t\t\t<tbody class=\"jet-table__body\"><tr class=\"jet-table__body-row elementor-repeater-item-e524aae\"><td class=\"jet-table__cell elementor-repeater-item-e478376 jet-table__body-cell\"><div class=\"jet-table__cell-inner\"><div class=\"jet-table__cell-content\"><div class=\"jet-table__cell-text\">Statut juridique et capital social<\/div><\/div><\/div><\/td><td class=\"jet-table__cell elementor-repeater-item-55f9b6a jet-table__body-cell\"><div class=\"jet-table__cell-inner\"><div class=\"jet-table__cell-content\"><div class=\"jet-table__cell-text\">Simple content<\/div><\/div><\/div><\/td><\/tr><tr class=\"jet-table__body-row elementor-repeater-item-7bda267\"><td class=\"jet-table__cell elementor-repeater-item-3ae2caa jet-table__body-cell\"><div class=\"jet-table__cell-inner\"><div class=\"jet-table__cell-content\"><div class=\"jet-table__cell-text\">Nom responsable<\/div><\/div><\/div><\/td><td class=\"jet-table__cell elementor-repeater-item-d7f16d2 jet-table__body-cell\"><div class=\"jet-table__cell-inner\"><div class=\"jet-table__cell-content\"><div class=\"jet-table__cell-text\">Simple content<\/div><\/div><\/div><\/td><\/tr><tr class=\"jet-table__body-row elementor-repeater-item-5f2fff6\"><td class=\"jet-table__cell elementor-repeater-item-d3acaab jet-table__body-cell\"><div class=\"jet-table__cell-inner\"><div class=\"jet-table__cell-content\"><div class=\"jet-table__cell-text\">Si\u00e8ge social<\/div><\/div><\/div><\/td><td class=\"jet-table__cell elementor-repeater-item-645cfdd jet-table__body-cell\"><div class=\"jet-table__cell-inner\"><div class=\"jet-table__cell-content\"><div class=\"jet-table__cell-text\">Simple content<\/div><\/div><\/div><\/td><\/tr><tr class=\"jet-table__body-row elementor-repeater-item-9872a05\"><td class=\"jet-table__cell elementor-repeater-item-877c9af jet-table__body-cell\"><div class=\"jet-table__cell-inner\"><div class=\"jet-table__cell-content\"><div class=\"jet-table__cell-text\">T\u00e9l\u00e9phone<\/div><\/div><\/div><\/td><td class=\"jet-table__cell elementor-repeater-item-1349301 jet-table__body-cell\"><div class=\"jet-table__cell-inner\"><div class=\"jet-table__cell-content\"><div class=\"jet-table__cell-text\">Simple content<\/div><\/div><\/div><\/td><\/tr><tr class=\"jet-table__body-row elementor-repeater-item-c3ec86a\"><td class=\"jet-table__cell elementor-repeater-item-d1f3180 jet-table__body-cell\"><div class=\"jet-table__cell-inner\"><div class=\"jet-table__cell-content\"><div class=\"jet-table__cell-text\">E-mail<\/div><\/div><\/div><\/td><td class=\"jet-table__cell elementor-repeater-item-c877b1b jet-table__body-cell\"><div class=\"jet-table__cell-inner\"><div class=\"jet-table__cell-content\"><div class=\"jet-table__cell-text\">Simple content<\/div><\/div><\/div><\/td><\/tr><\/tbody>\n\t\t\t<\/table>\n\t\t<\/div>\n\n\t\t<\/div>\t\t\t\t<\/div>\n\t\t\t\t<\/div>\n\t\t\t\t\t<\/div>\n\t\t<\/div>\n\t\t\t\t\t<\/div>\n\t\t<\/section>\n\t\t\t\t<\/div>\n\t\t","protected":false},"excerpt":{"rendered":"<p>Pour un plus grand respect des libert\u00e9s de chacun master-cif.fr respecte les dispositions suivantes Loi du 6 janvier 1978 relative \u00e0 l\u2019informatique et aux libert\u00e9s : Conform\u00e9ment \u00e0 la loi n\u00b0 78-17 du 6 janvier 1978, vous pouvez \u00e0 tout moment acc\u00e9der aux informations personnelles vous concernant et d\u00e9tenues, demander leur modification ou leur suppression [&hellip;]<\/p>\n","protected":false},"author":1,"featured_media":0,"parent":0,"menu_order":0,"comment_status":"closed","ping_status":"closed","template":"full-width.php","meta":{"_acf_changed":false,"footnotes":""},"class_list":["post-1044","page","type-page","status-publish","hentry"],"acf":[],"_links":{"self":[{"href":"https:\/\/mastercif.dev4-audace.fr\/en\/wp-json\/wp\/v2\/pages\/1044","targetHints":{"allow":["GET"]}}],"collection":[{"href":"https:\/\/mastercif.dev4-audace.fr\/en\/wp-json\/wp\/v2\/pages"}],"about":[{"href":"https:\/\/mastercif.dev4-audace.fr\/en\/wp-json\/wp\/v2\/types\/page"}],"author":[{"embeddable":true,"href":"https:\/\/mastercif.dev4-audace.fr\/en\/wp-json\/wp\/v2\/users\/1"}],"replies":[{"embeddable":true,"href":"https:\/\/mastercif.dev4-audace.fr\/en\/wp-json\/wp\/v2\/comments?post=1044"}],"version-history":[{"count":3,"href":"https:\/\/mastercif.dev4-audace.fr\/en\/wp-json\/wp\/v2\/pages\/1044\/revisions"}],"predecessor-version":[{"id":1047,"href":"https:\/\/mastercif.dev4-audace.fr\/en\/wp-json\/wp\/v2\/pages\/1044\/revisions\/1047"}],"wp:attachment":[{"href":"https:\/\/mastercif.dev4-audace.fr\/en\/wp-json\/wp\/v2\/media?parent=1044"}],"curies":[{"name":"wp","href":"https:\/\/api.w.org\/{rel}","templated":true}]}}